{"id":3730,"date":"2025-10-20T14:53:50","date_gmt":"2025-10-20T12:53:50","guid":{"rendered":"https:\/\/www.ca-personalfinancemobility.com\/group\/le-mecenat\/corporate-giving-programme\/"},"modified":"2026-01-21T16:10:38","modified_gmt":"2026-01-21T15:10:38","slug":"corporate-giving-program","status":"publish","type":"page","link":"https:\/\/www.ca-personalfinancemobility.com\/en\/group\/philanthropy-and-solidarity\/corporate-giving-program\/","title":{"rendered":"Corporate Giving Program"},"content":{"rendered":"  <section class=\"bloc-jedhaXclover-text-image reverse\" style=\"--background-color:#ffffff;\">\r\n      <div class=\"content\" style=\"color: #000000\">\r\n          \n\n<h2 class=\"wp-block-heading\">Supporting Non-Profit Organizations That Make a Difference<\/h2>\n\n\n\n<p>The Corporate Giving Program is the international initiative of Cr\u00e9dit Agricole Personal Finance &amp; Mobility designed to support non-profit organizations with social and environmental impact. It enables the Group to highlight employee engagement while contributing to projects that deliver tangible improvements for society and the environment.<\/p>\n\n\n\n<p>Through this program, employees can propose and support non-profit initiatives across several focus areas: health, environment, inclusion and social cohesion, as well as a dedicated For Youth category, aimed at projects benefiting young people.<\/p>\n\n\n\n<p>The Corporate Giving Program provides financial support to non-profit organizations and showcases innovative and inspiring projects worldwide. Through this initiative, Cr\u00e9dit Agricole Personal Finance &amp; Mobility takes concrete action to strengthen solidarity and amplify the positive impact of non-profits in the countries where the Group operates.<\/p>\n\n\r\n      <\/div>\r\n                <div class=\"image\" style=\"--background-image:url(https:\/\/www.ca-personalfinancemobility.com\/wp-content\/uploads\/Soiree-Engagement-2025-025-1024x643.png);\">\r\n              <img decoding=\"async\" src=\"https:\/\/www.ca-personalfinancemobility.com\/wp-content\/uploads\/Soiree-Engagement-2025-025-1024x643.png\" alt=\"Photo de groupe \u00e0 la soir\u00e9e de CAPFM d\u00e9di\u00e9e \u00e0 l&#039;engagement\" loading=\"lazy\" \/>\r\n          <\/div>\r\n        <\/section>\r\n\n\n    <section class=\"bloc-jedhaXclover-accordions\">\r\n                    <h2 class=\"title\">Winners<\/h2>\r\n                <div class=\"accordion\" role=\"list\">\r\n            \n<style type='text\/css'>#button-accordion-69d442486fd53:before{content: '';background-image: url('\/wp-content\/themes\/jedha-x-clover\/images\/dashicons\/ic_ecg_heart.svg')}'<\/style>  <div class=\"bloc-jedhaXclover-accordion\" role=\"listitem\">\r\n    <div class=\"jedhaXclover-accordion accordion-item\">\r\n      <div class=\"accordion-header\" id=\"accordion-69d442486fd53\">\r\n        <button id=\"button-accordion-69d442486fd53\" class=\"accordion-button\" type=\"button\" data-bs-toggle=\"collapse\" data-bs-target=\"#collapse_accordion-69d442486fd53\" aria-expanded=\"true\" aria-controls=\"collapse_accordion-69d442486fd53\">\r\n          Health        <\/button>\r\n      <\/div>\r\n      <div id=\"collapse_accordion-69d442486fd53\" class=\"accordion-collapse collapse show\" aria-labelledby=\"accordion-69d442486fd53\">\r\n        <div class=\"accordion-body\">\r\n          \n  <section class=\"bloc-jedhaXclover-text-image\" style=\"--background-color:#ffffff;\">\r\n      <div class=\"content\" style=\"color: #000000\">\r\n          \n\n<h2 class=\"wp-block-heading\">Il piccolo principe aps &#8211; The little prince (social promotion association)<\/h2>\n\n\n\n<p>The project supports the medical care of children with confirmed health conditions by contributing to the cost of specialist consultations, rehabilitation, medication, and treatments not covered by the national healthcare system. These children are placed in the facility by judicial or administrative decision due to family situations that put their safety at risk, within a framework comparable to France\u2019s child welfare services.<\/p>\n\n\r\n      <\/div>\r\n        <\/section>\r\n\n\r\n        <\/div>\r\n      <\/div>\r\n    <\/div>\r\n  <\/div>\r\n\r\n\n\n<style type='text\/css'>#button-accordion-69d4424870859:before{content: '';background-image: url('\/wp-content\/themes\/jedha-x-clover\/images\/dashicons\/ic_eco.svg')}'<\/style>  <div class=\"bloc-jedhaXclover-accordion\" role=\"listitem\">\r\n    <div class=\"jedhaXclover-accordion accordion-item\">\r\n      <div class=\"accordion-header\" id=\"accordion-69d4424870859\">\r\n        <button id=\"button-accordion-69d4424870859\" class=\"accordion-button\" type=\"button\" data-bs-toggle=\"collapse\" data-bs-target=\"#collapse_accordion-69d4424870859\" aria-expanded=\"true\" aria-controls=\"collapse_accordion-69d4424870859\">\r\n          Environment        <\/button>\r\n      <\/div>\r\n      <div id=\"collapse_accordion-69d4424870859\" class=\"accordion-collapse collapse show\" aria-labelledby=\"accordion-69d4424870859\">\r\n        <div class=\"accordion-body\">\r\n          \n  <section class=\"bloc-jedhaXclover-text-image\" style=\"--background-color:#ffffff;\">\r\n      <div class=\"content\" style=\"color: #000000\">\r\n          \n\n<h2 class=\"wp-block-heading\">Les hotels solidaires<\/h2>\n\n\n\n<p>The project aims to create a range of solidarity products (toiletry kits and accessories) made from second-life textiles collected from hotels. These products are then distributed to people experiencing hardship. They are manufactured in a solidarity sewing workshop involving association volunteers, as part of a circular economy approach with strong social impact.<\/p>\n\n\r\n      <\/div>\r\n        <\/section>\r\n\n\r\n        <\/div>\r\n      <\/div>\r\n    <\/div>\r\n  <\/div>\r\n\r\n\n\n<style type='text\/css'>#button-accordion-69d4424870c5b:before{content: '';background-image: url('\/wp-content\/themes\/jedha-x-clover\/images\/dashicons\/ic_puzzle.svg')}'<\/style>  <div class=\"bloc-jedhaXclover-accordion\" role=\"listitem\">\r\n    <div class=\"jedhaXclover-accordion accordion-item\">\r\n      <div class=\"accordion-header\" id=\"accordion-69d4424870c5b\">\r\n        <button id=\"button-accordion-69d4424870c5b\" class=\"accordion-button\" type=\"button\" data-bs-toggle=\"collapse\" data-bs-target=\"#collapse_accordion-69d4424870c5b\" aria-expanded=\"true\" aria-controls=\"collapse_accordion-69d4424870c5b\">\r\n          Inclusion and Social Cohesion        <\/button>\r\n      <\/div>\r\n      <div id=\"collapse_accordion-69d4424870c5b\" class=\"accordion-collapse collapse show\" aria-labelledby=\"accordion-69d4424870c5b\">\r\n        <div class=\"accordion-body\">\r\n          \n  <section class=\"bloc-jedhaXclover-text-image\" style=\"--background-color:#ffffff;\">\r\n      <div class=\"content\" style=\"color: #000000\">\r\n          \n\n<h2 class=\"wp-block-heading\">Protrafie Pomoc Foundation<\/h2>\n\n\n\n<p>The Potrafi\u0119 Pom\u00f3c Foundation (\u201cI Can Help\u201d) supports people with disabilities at different stages of their lives by providing care, therapies, and personalized support within an environment that promotes development, inclusion, and a dignified life. The \u201cTacy Sami\u201d Therapeutic Community Center welcomes adults over the age of 25 with moderate to severe intellectual disabilities, often combined with physical disabilities. The funding will enable the renovation and equipment of a new site to which the center will be relocated.<\/p>\n\n\r\n      <\/div>\r\n        <\/section>\r\n\n\r\n        <\/div>\r\n      <\/div>\r\n    <\/div>\r\n  <\/div>\r\n\r\n\n\n<style type='text\/css'>#button-accordion-69d4424871072:before{content: '';background-image: url('\/wp-content\/themes\/jedha-x-clover\/images\/dashicons\/ic_target.svg')}'<\/style>  <div class=\"bloc-jedhaXclover-accordion\" role=\"listitem\">\r\n    <div class=\"jedhaXclover-accordion accordion-item\">\r\n      <div class=\"accordion-header\" id=\"accordion-69d4424871072\">\r\n        <button id=\"button-accordion-69d4424871072\" class=\"accordion-button\" type=\"button\" data-bs-toggle=\"collapse\" data-bs-target=\"#collapse_accordion-69d4424871072\" aria-expanded=\"true\" aria-controls=\"collapse_accordion-69d4424871072\">\r\n          For Youth        <\/button>\r\n      <\/div>\r\n      <div id=\"collapse_accordion-69d4424871072\" class=\"accordion-collapse collapse show\" aria-labelledby=\"accordion-69d4424871072\">\r\n        <div class=\"accordion-body\">\r\n          \n  <section class=\"bloc-jedhaXclover-text-image\" style=\"--background-color:#ffffff;\">\r\n      <div class=\"content\" style=\"color: #000000\">\r\n          \n\n<h2 class=\"wp-block-heading\">Wave by Wave<\/h2>\n\n\n\n<p>Wave by Wave delivers an innovative mental health model based on ocean and surf therapy for children and at-risk youth. The program aims to improve emotional regulation, reduce anxiety and depressive symptoms, encourage pro-social behaviors, and promote social inclusion. It also includes an awareness-raising component focused on ocean protection.<\/p>\n\n\r\n      <\/div>\r\n        <\/section>\r\n\n\r\n        <\/div>\r\n      <\/div>\r\n    <\/div>\r\n  <\/div>\r\n\r\n\n\n<style type='text\/css'>#button-accordion-69d442487540d:before{content: '';background-image: url('\/wp-content\/themes\/jedha-x-clover\/images\/dashicons\/ic_donation.svg')}'<\/style>  <div class=\"bloc-jedhaXclover-accordion\" role=\"listitem\">\r\n    <div class=\"jedhaXclover-accordion accordion-item\">\r\n      <div class=\"accordion-header\" id=\"accordion-69d442487540d\">\r\n        <button id=\"button-accordion-69d442487540d\" class=\"accordion-button\" type=\"button\" data-bs-toggle=\"collapse\" data-bs-target=\"#collapse_accordion-69d442487540d\" aria-expanded=\"true\" aria-controls=\"collapse_accordion-69d442487540d\">\r\n          Solidarity Rounding-Up         <\/button>\r\n      <\/div>\r\n      <div id=\"collapse_accordion-69d442487540d\" class=\"accordion-collapse collapse show\" aria-labelledby=\"accordion-69d442487540d\">\r\n        <div class=\"accordion-body\">\r\n          \n\n\n  <section class=\"bloc-jedhaXclover-text-image\" style=\"--background-color:#ffffff;\">\r\n      <div class=\"content\" style=\"color: #000000\">\r\n          \n\n<h2 class=\"wp-block-heading\">Clown Up<\/h2>\n\n\n\n<p>Clowns Up works with hospitalized children or those in vulnerable situations by providing regular interventions from professional clowns trained to work in healthcare settings. Through play, humor, and improvisation, the clowns help reduce anxiety, break isolation, and offer children and their families moments of lightness and respite in the face of illness. The association\u2019s work complements medical care pathways and is carried out in close collaboration with healthcare teams.<\/p>\n\n\r\n      <\/div>\r\n        <\/section>\r\n\n\r\n        <\/div>\r\n      <\/div>\r\n    <\/div>\r\n  <\/div>\r\n\r\n\n\r\n        <\/div>\r\n    <\/section>\r\n\n\n\n<p><\/p>\n","protected":false},"excerpt":{"rendered":"<p>Launched in 2024, our Corporate Giving Program recognizes and supports employees involved in nonprofit projects with a positive impact on society and the environment. Project leaders can receive financial support to help the nonprofit organization they wish to support.<\/p>\n","protected":false},"author":1,"featured_media":6300,"parent":3681,"menu_order":3,"comment_status":"closed","ping_status":"closed","template":"","meta":{"_acf_changed":false,"footnotes":""},"class_list":["post-3730","page","type-page","status-publish","has-post-thumbnail","hentry"],"acf":[],"yoast_head":"<!-- This site is optimized with the Yoast SEO plugin v27.2 - https:\/\/yoast.com\/product\/yoast-seo-wordpress\/ -->\n<title>Corporate Giving Program - CA Personal Finance &amp; Mobility<\/title>\n<meta name=\"description\" content=\"Discover the Corporate Giving Program, an international initiative by Cr\u00e9dit Agricole Personal Finance &amp; Mobility that provides financial support to non-profit organizations with social and environmental impact, highlighting employee engagement.\" \/>\n<meta name=\"robots\" content=\"index, follow, max-snippet:-1, max-image-preview:large, max-video-preview:-1\" \/>\n<link rel=\"canonical\" href=\"https:\/\/www.ca-personalfinancemobility.com\/en\/group\/philanthropy-and-solidarity\/corporate-giving-program\/\" \/>\n<meta property=\"og:locale\" content=\"en_US\" \/>\n<meta property=\"og:type\" content=\"article\" \/>\n<meta property=\"og:title\" content=\"Corporate Giving Program - CA Personal Finance &amp; Mobility\" \/>\n<meta property=\"og:description\" content=\"Discover the Corporate Giving Program, an international initiative by Cr\u00e9dit Agricole Personal Finance &amp; Mobility that provides financial support to non-profit organizations with social and environmental impact, highlighting employee engagement.\" \/>\n<meta property=\"og:url\" content=\"https:\/\/www.ca-personalfinancemobility.com\/en\/group\/philanthropy-and-solidarity\/corporate-giving-program\/\" \/>\n<meta property=\"og:site_name\" content=\"CA Personal Finance &amp; Mobility\" \/>\n<meta property=\"article:modified_time\" content=\"2026-01-21T15:10:38+00:00\" \/>\n<meta property=\"og:image\" content=\"https:\/\/www.ca-personalfinancemobility.com\/wp-content\/uploads\/Corporate-Giving-Program-1.png\" \/>\n\t<meta property=\"og:image:width\" content=\"1200\" \/>\n\t<meta property=\"og:image:height\" content=\"797\" \/>\n\t<meta property=\"og:image:type\" content=\"image\/png\" \/>\n<meta name=\"twitter:card\" content=\"summary_large_image\" \/>\n<meta name=\"twitter:label1\" content=\"Est. reading time\" \/>\n\t<meta name=\"twitter:data1\" content=\"3 minutes\" \/>\n<script type=\"application\/ld+json\" class=\"yoast-schema-graph\">{\"@context\":\"https:\/\/schema.org\",\"@graph\":[{\"@type\":\"WebPage\",\"@id\":\"https:\/\/www.ca-personalfinancemobility.com\/en\/group\/philanthropy-and-solidarity\/corporate-giving-program\/\",\"url\":\"https:\/\/www.ca-personalfinancemobility.com\/en\/group\/philanthropy-and-solidarity\/corporate-giving-program\/\",\"name\":\"Corporate Giving Program - CA Personal Finance & Mobility\",\"isPartOf\":{\"@id\":\"https:\/\/www.ca-personalfinancemobility.com\/en\/#website\"},\"primaryImageOfPage\":{\"@id\":\"https:\/\/www.ca-personalfinancemobility.com\/en\/group\/philanthropy-and-solidarity\/corporate-giving-program\/#primaryimage\"},\"image\":{\"@id\":\"https:\/\/www.ca-personalfinancemobility.com\/en\/group\/philanthropy-and-solidarity\/corporate-giving-program\/#primaryimage\"},\"thumbnailUrl\":\"https:\/\/www.ca-personalfinancemobility.com\/wp-content\/uploads\/Corporate-Giving-Program-1.png\",\"datePublished\":\"2025-10-20T12:53:50+00:00\",\"dateModified\":\"2026-01-21T15:10:38+00:00\",\"description\":\"Discover the Corporate Giving Program, an international initiative by Cr\u00e9dit Agricole Personal Finance & Mobility that provides financial support to non-profit organizations with social and environmental impact, highlighting employee engagement.\",\"breadcrumb\":{\"@id\":\"https:\/\/www.ca-personalfinancemobility.com\/en\/group\/philanthropy-and-solidarity\/corporate-giving-program\/#breadcrumb\"},\"inLanguage\":\"en-US\",\"potentialAction\":[{\"@type\":\"ReadAction\",\"target\":[\"https:\/\/www.ca-personalfinancemobility.com\/en\/group\/philanthropy-and-solidarity\/corporate-giving-program\/\"]}]},{\"@type\":\"ImageObject\",\"inLanguage\":\"en-US\",\"@id\":\"https:\/\/www.ca-personalfinancemobility.com\/en\/group\/philanthropy-and-solidarity\/corporate-giving-program\/#primaryimage\",\"url\":\"https:\/\/www.ca-personalfinancemobility.com\/wp-content\/uploads\/Corporate-Giving-Program-1.png\",\"contentUrl\":\"https:\/\/www.ca-personalfinancemobility.com\/wp-content\/uploads\/Corporate-Giving-Program-1.png\",\"width\":1200,\"height\":797,\"caption\":\"Corporate Giving Program\"},{\"@type\":\"BreadcrumbList\",\"@id\":\"https:\/\/www.ca-personalfinancemobility.com\/en\/group\/philanthropy-and-solidarity\/corporate-giving-program\/#breadcrumb\",\"itemListElement\":[{\"@type\":\"ListItem\",\"position\":1,\"name\":\"Accueil\",\"item\":\"https:\/\/www.ca-personalfinancemobility.com\/en\/\"},{\"@type\":\"ListItem\",\"position\":2,\"name\":\"Group\",\"item\":\"https:\/\/www.ca-personalfinancemobility.com\/en\/group\/\"},{\"@type\":\"ListItem\",\"position\":3,\"name\":\"Philanthropy and Solidarity\",\"item\":\"https:\/\/www.ca-personalfinancemobility.com\/en\/group\/philanthropy-and-solidarity\/\"},{\"@type\":\"ListItem\",\"position\":4,\"name\":\"Corporate Giving Program\"}]},{\"@type\":\"WebSite\",\"@id\":\"https:\/\/www.ca-personalfinancemobility.com\/en\/#website\",\"url\":\"https:\/\/www.ca-personalfinancemobility.com\/en\/\",\"name\":\"CA Personal Finance & Mobility\",\"description\":\"\",\"publisher\":{\"@id\":\"https:\/\/www.ca-personalfinancemobility.com\/en\/#organization\"},\"potentialAction\":[{\"@type\":\"SearchAction\",\"target\":{\"@type\":\"EntryPoint\",\"urlTemplate\":\"https:\/\/www.ca-personalfinancemobility.com\/en\/?s={search_term_string}\"},\"query-input\":{\"@type\":\"PropertyValueSpecification\",\"valueRequired\":true,\"valueName\":\"search_term_string\"}}],\"inLanguage\":\"en-US\"},{\"@type\":\"Organization\",\"@id\":\"https:\/\/www.ca-personalfinancemobility.com\/en\/#organization\",\"name\":\"CA Personal Finance & Mobility\",\"url\":\"https:\/\/www.ca-personalfinancemobility.com\/en\/\",\"logo\":{\"@type\":\"ImageObject\",\"inLanguage\":\"en-US\",\"@id\":\"https:\/\/www.ca-personalfinancemobility.com\/en\/#\/schema\/logo\/image\/\",\"url\":\"https:\/\/www.ca-personalfinancemobility.com\/wp-content\/uploads\/CAPFM.svg\",\"contentUrl\":\"https:\/\/www.ca-personalfinancemobility.com\/wp-content\/uploads\/CAPFM.svg\",\"caption\":\"CA Personal Finance & Mobility\"},\"image\":{\"@id\":\"https:\/\/www.ca-personalfinancemobility.com\/en\/#\/schema\/logo\/image\/\"}}]}<\/script>\n<!-- \/ Yoast SEO plugin. -->","yoast_head_json":{"title":"Corporate Giving Program - CA Personal Finance & Mobility","description":"Discover the Corporate Giving Program, an international initiative by Cr\u00e9dit Agricole Personal Finance & Mobility that provides financial support to non-profit organizations with social and environmental impact, highlighting employee engagement.","robots":{"index":"index","follow":"follow","max-snippet":"max-snippet:-1","max-image-preview":"max-image-preview:large","max-video-preview":"max-video-preview:-1"},"canonical":"https:\/\/www.ca-personalfinancemobility.com\/en\/group\/philanthropy-and-solidarity\/corporate-giving-program\/","og_locale":"en_US","og_type":"article","og_title":"Corporate Giving Program - CA Personal Finance & Mobility","og_description":"Discover the Corporate Giving Program, an international initiative by Cr\u00e9dit Agricole Personal Finance & Mobility that provides financial support to non-profit organizations with social and environmental impact, highlighting employee engagement.","og_url":"https:\/\/www.ca-personalfinancemobility.com\/en\/group\/philanthropy-and-solidarity\/corporate-giving-program\/","og_site_name":"CA Personal Finance & Mobility","article_modified_time":"2026-01-21T15:10:38+00:00","og_image":[{"width":1200,"height":797,"url":"https:\/\/www.ca-personalfinancemobility.com\/wp-content\/uploads\/Corporate-Giving-Program-1.png","type":"image\/png"}],"twitter_card":"summary_large_image","twitter_misc":{"Est. reading time":"3 minutes"},"schema":{"@context":"https:\/\/schema.org","@graph":[{"@type":"WebPage","@id":"https:\/\/www.ca-personalfinancemobility.com\/en\/group\/philanthropy-and-solidarity\/corporate-giving-program\/","url":"https:\/\/www.ca-personalfinancemobility.com\/en\/group\/philanthropy-and-solidarity\/corporate-giving-program\/","name":"Corporate Giving Program - CA Personal Finance & Mobility","isPartOf":{"@id":"https:\/\/www.ca-personalfinancemobility.com\/en\/#website"},"primaryImageOfPage":{"@id":"https:\/\/www.ca-personalfinancemobility.com\/en\/group\/philanthropy-and-solidarity\/corporate-giving-program\/#primaryimage"},"image":{"@id":"https:\/\/www.ca-personalfinancemobility.com\/en\/group\/philanthropy-and-solidarity\/corporate-giving-program\/#primaryimage"},"thumbnailUrl":"https:\/\/www.ca-personalfinancemobility.com\/wp-content\/uploads\/Corporate-Giving-Program-1.png","datePublished":"2025-10-20T12:53:50+00:00","dateModified":"2026-01-21T15:10:38+00:00","description":"Discover the Corporate Giving Program, an international initiative by Cr\u00e9dit Agricole Personal Finance & Mobility that provides financial support to non-profit organizations with social and environmental impact, highlighting employee engagement.","breadcrumb":{"@id":"https:\/\/www.ca-personalfinancemobility.com\/en\/group\/philanthropy-and-solidarity\/corporate-giving-program\/#breadcrumb"},"inLanguage":"en-US","potentialAction":[{"@type":"ReadAction","target":["https:\/\/www.ca-personalfinancemobility.com\/en\/group\/philanthropy-and-solidarity\/corporate-giving-program\/"]}]},{"@type":"ImageObject","inLanguage":"en-US","@id":"https:\/\/www.ca-personalfinancemobility.com\/en\/group\/philanthropy-and-solidarity\/corporate-giving-program\/#primaryimage","url":"https:\/\/www.ca-personalfinancemobility.com\/wp-content\/uploads\/Corporate-Giving-Program-1.png","contentUrl":"https:\/\/www.ca-personalfinancemobility.com\/wp-content\/uploads\/Corporate-Giving-Program-1.png","width":1200,"height":797,"caption":"Corporate Giving Program"},{"@type":"BreadcrumbList","@id":"https:\/\/www.ca-personalfinancemobility.com\/en\/group\/philanthropy-and-solidarity\/corporate-giving-program\/#breadcrumb","itemListElement":[{"@type":"ListItem","position":1,"name":"Accueil","item":"https:\/\/www.ca-personalfinancemobility.com\/en\/"},{"@type":"ListItem","position":2,"name":"Group","item":"https:\/\/www.ca-personalfinancemobility.com\/en\/group\/"},{"@type":"ListItem","position":3,"name":"Philanthropy and Solidarity","item":"https:\/\/www.ca-personalfinancemobility.com\/en\/group\/philanthropy-and-solidarity\/"},{"@type":"ListItem","position":4,"name":"Corporate Giving Program"}]},{"@type":"WebSite","@id":"https:\/\/www.ca-personalfinancemobility.com\/en\/#website","url":"https:\/\/www.ca-personalfinancemobility.com\/en\/","name":"CA Personal Finance & Mobility","description":"","publisher":{"@id":"https:\/\/www.ca-personalfinancemobility.com\/en\/#organization"},"potentialAction":[{"@type":"SearchAction","target":{"@type":"EntryPoint","urlTemplate":"https:\/\/www.ca-personalfinancemobility.com\/en\/?s={search_term_string}"},"query-input":{"@type":"PropertyValueSpecification","valueRequired":true,"valueName":"search_term_string"}}],"inLanguage":"en-US"},{"@type":"Organization","@id":"https:\/\/www.ca-personalfinancemobility.com\/en\/#organization","name":"CA Personal Finance & Mobility","url":"https:\/\/www.ca-personalfinancemobility.com\/en\/","logo":{"@type":"ImageObject","inLanguage":"en-US","@id":"https:\/\/www.ca-personalfinancemobility.com\/en\/#\/schema\/logo\/image\/","url":"https:\/\/www.ca-personalfinancemobility.com\/wp-content\/uploads\/CAPFM.svg","contentUrl":"https:\/\/www.ca-personalfinancemobility.com\/wp-content\/uploads\/CAPFM.svg","caption":"CA Personal Finance & Mobility"},"image":{"@id":"https:\/\/www.ca-personalfinancemobility.com\/en\/#\/schema\/logo\/image\/"}}]}},"_links":{"self":[{"href":"https:\/\/www.ca-personalfinancemobility.com\/en\/wp-json\/wp\/v2\/pages\/3730","targetHints":{"allow":["GET"]}}],"collection":[{"href":"https:\/\/www.ca-personalfinancemobility.com\/en\/wp-json\/wp\/v2\/pages"}],"about":[{"href":"https:\/\/www.ca-personalfinancemobility.com\/en\/wp-json\/wp\/v2\/types\/page"}],"author":[{"embeddable":true,"href":"https:\/\/www.ca-personalfinancemobility.com\/en\/wp-json\/wp\/v2\/users\/1"}],"replies":[{"embeddable":true,"href":"https:\/\/www.ca-personalfinancemobility.com\/en\/wp-json\/wp\/v2\/comments?post=3730"}],"version-history":[{"count":5,"href":"https:\/\/www.ca-personalfinancemobility.com\/en\/wp-json\/wp\/v2\/pages\/3730\/revisions"}],"predecessor-version":[{"id":4268,"href":"https:\/\/www.ca-personalfinancemobility.com\/en\/wp-json\/wp\/v2\/pages\/3730\/revisions\/4268"}],"up":[{"embeddable":true,"href":"https:\/\/www.ca-personalfinancemobility.com\/en\/wp-json\/wp\/v2\/pages\/3681"}],"wp:featuredmedia":[{"embeddable":true,"href":"https:\/\/www.ca-personalfinancemobility.com\/en\/wp-json\/wp\/v2\/media\/6300"}],"wp:attachment":[{"href":"https:\/\/www.ca-personalfinancemobility.com\/en\/wp-json\/wp\/v2\/media?parent=3730"}],"curies":[{"name":"wp","href":"https:\/\/api.w.org\/{rel}","templated":true}]}}