{"id":4285,"date":"2025-12-09T09:37:04","date_gmt":"2025-12-09T08:37:04","guid":{"rendered":"https:\/\/www.ca-personalfinancemobility.com\/group\/strategie\/"},"modified":"2026-02-16T16:28:43","modified_gmt":"2026-02-16T15:28:43","slug":"strategy","status":"publish","type":"page","link":"https:\/\/www.ca-personalfinancemobility.com\/en\/group\/strategy\/","title":{"rendered":"Strategy"},"content":{"rendered":"  <section class=\"bloc-jedhaXclover-text-image\" style=\"--background-color:#ffffff;\">\r\n      <div class=\"content\" style=\"color: #000000\">\r\n          \n\n<h2 class=\"wp-block-heading\">Working every day in the interest of our customers and society<\/h2>\n\n\n\n<p>Cr\u00e9dit Agricole Personal Finance &amp; Mobility deploys its strategy within the framework of the ACT 2028 medium-term plan of the Cr\u00e9dit Agricole S.A. group.<br>ACT 2028 lays the foundation for its ambitions for tomorrow: to be a leader in Europe, a leader in new technologies and a leader in transitions. Acceleration, Transformation and Cohesion are the three pillars of this medium-term plan.<\/p>\n\n\n\n<p>As a 100% subsidiary of Cr\u00e9dit Agricole S.A., specialising in personal finance and mobility, Cr\u00e9dit Agricole Personal Finance &amp; Mobility aims to be a more diversified, indispensable and robust leader.<\/p>\n\n\n\n<p>Serving our clients and partners in their social and environmental transitions, we are accelerating the development of our model based on four business drivers: bank servicing, personal finance, mobility, insurance and services. Balanced and complementary, our model makes a lasting contribution to the Group\u2019s performance and development in France, Europe, Morocco and China.<\/p>\n\n\r\n      <\/div>\r\n        <\/section>\r\n\n\n\r\n<section class=\"bloc-jedhaXclover-editable-cards\" style=\"--background-color:#ffffff;\">\r\n                                <div class=\"content\">\r\n            <div class=\"editable-cards\" role=\"list\">\r\n               \r\n<section class=\"jedha-card-to-be-completed \"  role=\"listitem\" style='--background-color: #308276;'>\r\n                <div class=\"jedha-card-picto\">\r\n                    <div class=\"jxc-picto\" style=\"--background-color-picto: #ffffff; --color-picto: #308276; --picto: url('\/wp-content\/themes\/jedha-x-clover\/images\/dashicons\/ic_rocket.svg');\">\r\n    <\/div>\r\n\r\n        <\/div>\r\n        <div class=\"jedha-card-content\">\r\n        <div class=\"jedha-card-content-text\" style=\"color:#ffffff;\">\r\n            <h3 class=\"jedha-card-content-title\">Be more diverse,<\/h3>\r\n                            <div class=\"jedha-card-content-excerpt\" >\r\n                    <p>it is accelerating in our four engines to support all the needs of our clients.<\/p>\n                <\/div>\r\n                    <\/div>\r\n        <div class=\"jedha-card-content-footer\"><\/div>\r\n    <\/div>\r\n<\/section>\r\n<section class=\"jedha-card-to-be-completed \"  role=\"listitem\" style='--background-color: #308276;'>\r\n                <div class=\"jedha-card-picto\">\r\n                    <div class=\"jxc-picto\" style=\"--background-color-picto: #ffffff; --color-picto: #308276; --picto: url('\/wp-content\/themes\/jedha-x-clover\/images\/dashicons\/ic_donation.svg');\">\r\n    <\/div>\r\n\r\n        <\/div>\r\n        <div class=\"jedha-card-content\">\r\n        <div class=\"jedha-card-content-text\" style=\"color:#ffffff;\">\r\n            <h3 class=\"jedha-card-content-title\">Be more unavoidable,<\/h3>\r\n                            <div class=\"jedha-card-content-excerpt\" >\r\n                    <p>it is to act for social and environmental transitions and contribute to making Cr\u00e9dit Agricole the preferred bank of Europeans.<\/p>\n                <\/div>\r\n                    <\/div>\r\n        <div class=\"jedha-card-content-footer\"><\/div>\r\n    <\/div>\r\n<\/section>\r\n<section class=\"jedha-card-to-be-completed \"  role=\"listitem\" style='--background-color: #308276;'>\r\n                <div class=\"jedha-card-picto\">\r\n                    <div class=\"jxc-picto\" style=\"--background-color-picto: #ffffff; --color-picto: #308276; --picto: url('\/wp-content\/themes\/jedha-x-clover\/images\/dashicons\/ic_stocks.svg');\">\r\n    <\/div>\r\n\r\n        <\/div>\r\n        <div class=\"jedha-card-content\">\r\n        <div class=\"jedha-card-content-text\" style=\"color:#ffffff;\">\r\n            <h3 class=\"jedha-card-content-title\">Be more robust,<\/h3>\r\n                            <div class=\"jedha-card-content-excerpt\" >\r\n                    <p>it is to transform and aim for sustainable and balanced growth for our entities and our employees.<\/p>\n                <\/div>\r\n                    <\/div>\r\n        <div class=\"jedha-card-content-footer\"><\/div>\r\n    <\/div>\r\n<\/section>            <\/div>\r\n                    <\/div>\r\n          \r\n        <\/section>\n\n  <section class=\"bloc-jedhaXclover-text-image bckgd\" style=\"--background-color:#d8ead7;\">\r\n      <div class=\"content\" style=\"color: #000000\">\r\n          \n\n<h2 class=\"wp-block-heading\">Our four development drivers<\/h2>\n\n\n\n<p>Our model is based on four complementary activities that place us at the heart of responsible budget management, access to sustainable mobility, housing improvement, and consumption transformation.<\/p>\n\n\n<section class=\"bloc-jedhaXclover-list-elements\">\r\n                           \r\n            <div class=\"content\">\r\n                <div class=\"element-cards\" role=\"list\">\r\n                <div class=\"element-card\" role=\"listitem\">    <div class=\"jxc-picto\" style=\"--background-color-picto: #308276; --color-picto: #ffffff; --picto: url('\/wp-content\/themes\/jedha-x-clover\/images\/dashicons\/ic_bank.svg');\">\r\n    <\/div>\r\n\r\n<div><div class=\"element-title\">Servicing bancaire<\/div><p class=\"element-description\">Offer innovative, efficient and tailored personal financing solutions to all clients of the Cr\u00e9dit Agricole group\u2019s universal retail banks in all territories.<\/p><\/div><\/div><div class=\"element-card\" role=\"listitem\">    <div class=\"jxc-picto\" style=\"--background-color-picto: #308276; --color-picto: #ffffff; --picto: url('\/wp-content\/themes\/jedha-x-clover\/images\/dashicons\/ic_atm.svg');\">\r\n    <\/div>\r\n\r\n<div><div class=\"element-title\">Personal Finance<\/div><p class=\"element-description\">Accompany our clients in their projects and diversify our offer in sectors such as energy renovation of housing or &#8220;age well&#8221; by developing innovative, accessible and sustainable solutions.<\/p><\/div><\/div><div class=\"element-card\" role=\"listitem\">    <div class=\"jxc-picto\" style=\"--background-color-picto: #308276; --color-picto: #ffffff; --picto: url('\/wp-content\/themes\/jedha-x-clover\/images\/dashicons\/ic_transfer.svg');\">\r\n    <\/div>\r\n\r\n<div><div class=\"element-title\">Mobility<\/div><p class=\"element-description\">Support the evolution of uses and the transition of our customers towards sustainable mobility solutions, particularly electric.<\/p><\/div><\/div><div class=\"element-card\" role=\"listitem\">    <div class=\"jxc-picto\" style=\"--background-color-picto: #308276; --color-picto: #ffffff; --picto: url('\/wp-content\/themes\/jedha-x-clover\/images\/dashicons\/ic_savings.svg');\">\r\n    <\/div>\r\n\r\n<div><div class=\"element-title\">Insurance and Services<\/div><p class=\"element-description\">With the launch of this new business engine in 2025, meet the needs of all our clients in all our activities with diversified insurance solutions and services.<\/p><\/div><\/div>                <\/div>\r\n            <\/div>\r\n        <\/section>\n\r\n      <\/div>\r\n                <div class=\"image\" style=\"--background-image:url(https:\/\/www.ca-personalfinancemobility.com\/wp-content\/uploads\/CAPFM-2028-V2-1024x683.jpg);\">\r\n              <img decoding=\"async\" src=\"https:\/\/www.ca-personalfinancemobility.com\/wp-content\/uploads\/CAPFM-2028-V2-1024x683.jpg\" alt=\"Groupe de cinq personnes diverses marchant dans une ville urbaine avec des b\u00e2timents moderne dot\u00e9 de panneaux solaires et une voiture \u00e9lectrique en arri\u00e8re-plan.\" loading=\"lazy\" \/>\r\n          <\/div>\r\n        <\/section>\r\n\n\n\n<div style=\"height:32px\" aria-hidden=\"true\" class=\"wp-block-spacer\"><\/div>\n","protected":false},"excerpt":{"rendered":"","protected":false},"author":1,"featured_media":0,"parent":3527,"menu_order":2,"comment_status":"closed","ping_status":"closed","template":"","meta":{"_acf_changed":false,"footnotes":""},"class_list":["post-4285","page","type-page","status-publish","hentry"],"acf":[],"yoast_head":"<!-- This site is optimized with the Yoast SEO plugin v27.2 - https:\/\/yoast.com\/product\/yoast-seo-wordpress\/ -->\n<title>Strategy - CA Personal Finance &amp; Mobility<\/title>\n<meta name=\"robots\" content=\"index, follow, max-snippet:-1, max-image-preview:large, max-video-preview:-1\" \/>\n<link rel=\"canonical\" href=\"https:\/\/www.ca-personalfinancemobility.com\/en\/group\/strategy\/\" \/>\n<meta property=\"og:locale\" content=\"en_US\" \/>\n<meta property=\"og:type\" content=\"article\" \/>\n<meta property=\"og:title\" content=\"Strategy - CA Personal Finance &amp; Mobility\" \/>\n<meta property=\"og:url\" content=\"https:\/\/www.ca-personalfinancemobility.com\/en\/group\/strategy\/\" \/>\n<meta property=\"og:site_name\" content=\"CA Personal Finance &amp; Mobility\" \/>\n<meta property=\"article:modified_time\" content=\"2026-02-16T15:28:43+00:00\" \/>\n<meta name=\"twitter:card\" content=\"summary_large_image\" \/>\n<meta name=\"twitter:label1\" content=\"Est. reading time\" \/>\n\t<meta name=\"twitter:data1\" content=\"1 minute\" \/>\n<script type=\"application\/ld+json\" class=\"yoast-schema-graph\">{\"@context\":\"https:\/\/schema.org\",\"@graph\":[{\"@type\":\"WebPage\",\"@id\":\"https:\/\/www.ca-personalfinancemobility.com\/en\/group\/strategy\/\",\"url\":\"https:\/\/www.ca-personalfinancemobility.com\/en\/group\/strategy\/\",\"name\":\"Strategy - CA Personal Finance & Mobility\",\"isPartOf\":{\"@id\":\"https:\/\/www.ca-personalfinancemobility.com\/en\/#website\"},\"datePublished\":\"2025-12-09T08:37:04+00:00\",\"dateModified\":\"2026-02-16T15:28:43+00:00\",\"breadcrumb\":{\"@id\":\"https:\/\/www.ca-personalfinancemobility.com\/en\/group\/strategy\/#breadcrumb\"},\"inLanguage\":\"en-US\",\"potentialAction\":[{\"@type\":\"ReadAction\",\"target\":[\"https:\/\/www.ca-personalfinancemobility.com\/en\/group\/strategy\/\"]}]},{\"@type\":\"BreadcrumbList\",\"@id\":\"https:\/\/www.ca-personalfinancemobility.com\/en\/group\/strategy\/#breadcrumb\",\"itemListElement\":[{\"@type\":\"ListItem\",\"position\":1,\"name\":\"Accueil\",\"item\":\"https:\/\/www.ca-personalfinancemobility.com\/en\/\"},{\"@type\":\"ListItem\",\"position\":2,\"name\":\"Group\",\"item\":\"https:\/\/www.ca-personalfinancemobility.com\/en\/group\/\"},{\"@type\":\"ListItem\",\"position\":3,\"name\":\"Strategy\"}]},{\"@type\":\"WebSite\",\"@id\":\"https:\/\/www.ca-personalfinancemobility.com\/en\/#website\",\"url\":\"https:\/\/www.ca-personalfinancemobility.com\/en\/\",\"name\":\"CA Personal Finance & Mobility\",\"description\":\"\",\"publisher\":{\"@id\":\"https:\/\/www.ca-personalfinancemobility.com\/en\/#organization\"},\"potentialAction\":[{\"@type\":\"SearchAction\",\"target\":{\"@type\":\"EntryPoint\",\"urlTemplate\":\"https:\/\/www.ca-personalfinancemobility.com\/en\/?s={search_term_string}\"},\"query-input\":{\"@type\":\"PropertyValueSpecification\",\"valueRequired\":true,\"valueName\":\"search_term_string\"}}],\"inLanguage\":\"en-US\"},{\"@type\":\"Organization\",\"@id\":\"https:\/\/www.ca-personalfinancemobility.com\/en\/#organization\",\"name\":\"CA Personal Finance & Mobility\",\"url\":\"https:\/\/www.ca-personalfinancemobility.com\/en\/\",\"logo\":{\"@type\":\"ImageObject\",\"inLanguage\":\"en-US\",\"@id\":\"https:\/\/www.ca-personalfinancemobility.com\/en\/#\/schema\/logo\/image\/\",\"url\":\"https:\/\/www.ca-personalfinancemobility.com\/wp-content\/uploads\/CAPFM.svg\",\"contentUrl\":\"https:\/\/www.ca-personalfinancemobility.com\/wp-content\/uploads\/CAPFM.svg\",\"caption\":\"CA Personal Finance & Mobility\"},\"image\":{\"@id\":\"https:\/\/www.ca-personalfinancemobility.com\/en\/#\/schema\/logo\/image\/\"}}]}<\/script>\n<!-- \/ Yoast SEO plugin. -->","yoast_head_json":{"title":"Strategy - CA Personal Finance & Mobility","robots":{"index":"index","follow":"follow","max-snippet":"max-snippet:-1","max-image-preview":"max-image-preview:large","max-video-preview":"max-video-preview:-1"},"canonical":"https:\/\/www.ca-personalfinancemobility.com\/en\/group\/strategy\/","og_locale":"en_US","og_type":"article","og_title":"Strategy - CA Personal Finance & Mobility","og_url":"https:\/\/www.ca-personalfinancemobility.com\/en\/group\/strategy\/","og_site_name":"CA Personal Finance & Mobility","article_modified_time":"2026-02-16T15:28:43+00:00","twitter_card":"summary_large_image","twitter_misc":{"Est. reading time":"1 minute"},"schema":{"@context":"https:\/\/schema.org","@graph":[{"@type":"WebPage","@id":"https:\/\/www.ca-personalfinancemobility.com\/en\/group\/strategy\/","url":"https:\/\/www.ca-personalfinancemobility.com\/en\/group\/strategy\/","name":"Strategy - CA Personal Finance & Mobility","isPartOf":{"@id":"https:\/\/www.ca-personalfinancemobility.com\/en\/#website"},"datePublished":"2025-12-09T08:37:04+00:00","dateModified":"2026-02-16T15:28:43+00:00","breadcrumb":{"@id":"https:\/\/www.ca-personalfinancemobility.com\/en\/group\/strategy\/#breadcrumb"},"inLanguage":"en-US","potentialAction":[{"@type":"ReadAction","target":["https:\/\/www.ca-personalfinancemobility.com\/en\/group\/strategy\/"]}]},{"@type":"BreadcrumbList","@id":"https:\/\/www.ca-personalfinancemobility.com\/en\/group\/strategy\/#breadcrumb","itemListElement":[{"@type":"ListItem","position":1,"name":"Accueil","item":"https:\/\/www.ca-personalfinancemobility.com\/en\/"},{"@type":"ListItem","position":2,"name":"Group","item":"https:\/\/www.ca-personalfinancemobility.com\/en\/group\/"},{"@type":"ListItem","position":3,"name":"Strategy"}]},{"@type":"WebSite","@id":"https:\/\/www.ca-personalfinancemobility.com\/en\/#website","url":"https:\/\/www.ca-personalfinancemobility.com\/en\/","name":"CA Personal Finance & Mobility","description":"","publisher":{"@id":"https:\/\/www.ca-personalfinancemobility.com\/en\/#organization"},"potentialAction":[{"@type":"SearchAction","target":{"@type":"EntryPoint","urlTemplate":"https:\/\/www.ca-personalfinancemobility.com\/en\/?s={search_term_string}"},"query-input":{"@type":"PropertyValueSpecification","valueRequired":true,"valueName":"search_term_string"}}],"inLanguage":"en-US"},{"@type":"Organization","@id":"https:\/\/www.ca-personalfinancemobility.com\/en\/#organization","name":"CA Personal Finance & Mobility","url":"https:\/\/www.ca-personalfinancemobility.com\/en\/","logo":{"@type":"ImageObject","inLanguage":"en-US","@id":"https:\/\/www.ca-personalfinancemobility.com\/en\/#\/schema\/logo\/image\/","url":"https:\/\/www.ca-personalfinancemobility.com\/wp-content\/uploads\/CAPFM.svg","contentUrl":"https:\/\/www.ca-personalfinancemobility.com\/wp-content\/uploads\/CAPFM.svg","caption":"CA Personal Finance & Mobility"},"image":{"@id":"https:\/\/www.ca-personalfinancemobility.com\/en\/#\/schema\/logo\/image\/"}}]}},"_links":{"self":[{"href":"https:\/\/www.ca-personalfinancemobility.com\/en\/wp-json\/wp\/v2\/pages\/4285","targetHints":{"allow":["GET"]}}],"collection":[{"href":"https:\/\/www.ca-personalfinancemobility.com\/en\/wp-json\/wp\/v2\/pages"}],"about":[{"href":"https:\/\/www.ca-personalfinancemobility.com\/en\/wp-json\/wp\/v2\/types\/page"}],"author":[{"embeddable":true,"href":"https:\/\/www.ca-personalfinancemobility.com\/en\/wp-json\/wp\/v2\/users\/1"}],"replies":[{"embeddable":true,"href":"https:\/\/www.ca-personalfinancemobility.com\/en\/wp-json\/wp\/v2\/comments?post=4285"}],"version-history":[{"count":6,"href":"https:\/\/www.ca-personalfinancemobility.com\/en\/wp-json\/wp\/v2\/pages\/4285\/revisions"}],"predecessor-version":[{"id":7287,"href":"https:\/\/www.ca-personalfinancemobility.com\/en\/wp-json\/wp\/v2\/pages\/4285\/revisions\/7287"}],"up":[{"embeddable":true,"href":"https:\/\/www.ca-personalfinancemobility.com\/en\/wp-json\/wp\/v2\/pages\/3527"}],"wp:attachment":[{"href":"https:\/\/www.ca-personalfinancemobility.com\/en\/wp-json\/wp\/v2\/media?parent=4285"}],"curies":[{"name":"wp","href":"https:\/\/api.w.org\/{rel}","templated":true}]}}